{"id":1169,"date":"2024-09-27T10:54:18","date_gmt":"2024-09-27T08:54:18","guid":{"rendered":"https:\/\/restaurant-obelink.nl\/kontakt\/"},"modified":"2025-06-11T10:38:54","modified_gmt":"2025-06-11T08:38:54","slug":"kontakt","status":"publish","type":"page","link":"https:\/\/restaurant-obelink.nl\/de\/kontakt\/","title":{"rendered":"Kontakt"},"content":{"rendered":"\t\t<div data-elementor-type=\"wp-page\" data-elementor-id=\"1169\" class=\"elementor elementor-1169 elementor-50\" data-elementor-post-type=\"page\">\n\t\t\t\t<div class=\"elementor-element elementor-element-67c57042 e-flex e-con-boxed e-con e-parent\" data-id=\"67c57042\" data-element_type=\"container\" data-e-type=\"container\">\n\t\t\t\t\t<div class=\"e-con-inner\">\n\t\t\t\t<div class=\"elementor-element elementor-element-accd14b elementor-widget elementor-widget-heading\" data-id=\"accd14b\" data-element_type=\"widget\" data-e-type=\"widget\" data-widget_type=\"heading.default\">\n\t\t\t\t<div class=\"elementor-widget-container\">\n\t\t\t\t\t<h2 class=\"elementor-heading-title elementor-size-default\">\u00d6ffnungszeiten <br>Restaurant, Au\u00dfenterrasse <br>und Kaffee-Ecke*<\/h2>\t\t\t\t<\/div>\n\t\t\t\t<\/div>\n\t\t\t\t<div class=\"elementor-element elementor-element-9b3c3c6 elementor-widget elementor-widget-spacer\" data-id=\"9b3c3c6\" data-element_type=\"widget\" data-e-type=\"widget\" data-widget_type=\"spacer.default\">\n\t\t\t\t<div class=\"elementor-widget-container\">\n\t\t\t\t\t\t\t<div class=\"elementor-spacer\">\n\t\t\t<div class=\"elementor-spacer-inner\"><\/div>\n\t\t<\/div>\n\t\t\t\t\t\t<\/div>\n\t\t\t\t<\/div>\n\t\t<div class=\"elementor-element elementor-element-a105e52 e-con-full e-flex e-con e-child\" data-id=\"a105e52\" data-element_type=\"container\" data-e-type=\"container\">\n\t\t<div class=\"elementor-element elementor-element-444f42c e-con-full e-flex e-con e-child\" data-id=\"444f42c\" data-element_type=\"container\" data-e-type=\"container\">\n\t\t\t\t<div class=\"elementor-element elementor-element-bab4152 elementor-widget elementor-widget-text-editor\" data-id=\"bab4152\" data-element_type=\"widget\" data-e-type=\"widget\" data-widget_type=\"text-editor.default\">\n\t\t\t\t<div class=\"elementor-widget-container\">\n\t\t\t\t\t\t\t\t\t<p>\u00d6ffnungszeiten 1. September bis 1. M\u00e4rz:<\/p>\t\t\t\t\t\t\t\t<\/div>\n\t\t\t\t<\/div>\n\t\t\t\t<div class=\"elementor-element elementor-element-bfc71eb elementor-widget elementor-widget-text-editor\" data-id=\"bfc71eb\" data-element_type=\"widget\" data-e-type=\"widget\" data-widget_type=\"text-editor.default\">\n\t\t\t\t<div class=\"elementor-widget-container\">\n\t\t\t\t\t\t\t\t\t\n<table id=\"tablepress-4\" class=\"tablepress tablepress-id-4\">\n<thead>\n<tr class=\"row-1\">\n\t<th class=\"column-1\"> <\/th><th class=\"column-2\">Restaurant<\/th><th class=\"column-3\">K\u00fcche<\/th>\n<\/tr>\n<\/thead>\n<tbody class=\"row-striping row-hover\">\n<tr class=\"row-2\">\n\t<td class=\"column-1\">Montag bis Freitag<\/td><td class=\"column-2\">09:00-17:30 Uhr<\/td><td class=\"column-3\">11:00-16:30 Uhr<\/td>\n<\/tr>\n<tr class=\"row-3\">\n\t<td class=\"column-1\">Samstag<\/td><td class=\"column-2\">09:00-16:30 Uhr<\/td><td class=\"column-3\">11:00-15:30 Uhr<\/td>\n<\/tr>\n<tr class=\"row-4\">\n\t<td class=\"column-1\">Sonntag<\/td><td class=\"column-2\">geschlossen<\/td><td class=\"column-3\"><\/td>\n<\/tr>\n<\/tbody>\n<\/table>\n\t\t\t\t\t\t\t\t<\/div>\n\t\t\t\t<\/div>\n\t\t\t\t<div class=\"elementor-element elementor-element-86c4e4b elementor-widget elementor-widget-spacer\" data-id=\"86c4e4b\" data-element_type=\"widget\" data-e-type=\"widget\" data-widget_type=\"spacer.default\">\n\t\t\t\t<div class=\"elementor-widget-container\">\n\t\t\t\t\t\t\t<div class=\"elementor-spacer\">\n\t\t\t<div class=\"elementor-spacer-inner\"><\/div>\n\t\t<\/div>\n\t\t\t\t\t\t<\/div>\n\t\t\t\t<\/div>\n\t\t\t\t<div class=\"elementor-element elementor-element-15ccb4b elementor-widget elementor-widget-text-editor\" data-id=\"15ccb4b\" data-element_type=\"widget\" data-e-type=\"widget\" data-widget_type=\"text-editor.default\">\n\t\t\t\t<div class=\"elementor-widget-container\">\n\t\t\t\t\t\t\t\t\t\n<table id=\"tablepress-6\" class=\"tablepress tablepress-id-6\">\n<thead>\n<tr class=\"row-1\">\n\t<th class=\"column-1\">abweichende \u00d6ffnungszeiten<\/th><th class=\"column-2\"> <\/th>\n<\/tr>\n<\/thead>\n<tbody class=\"row-striping row-hover\">\n<tr class=\"row-2\">\n\t<td class=\"column-1\">Heilig Abend<\/td><td class=\"column-2\">09:00-16:00 Uhr<\/td>\n<\/tr>\n<tr class=\"row-3\">\n\t<td class=\"column-1\">1. Weihnachtstag<\/td><td class=\"column-2\">geschlossen<\/td>\n<\/tr>\n<tr class=\"row-4\">\n\t<td class=\"column-1\">2. Weihnachtstag<\/td><td class=\"column-2\">geschlossen<\/td>\n<\/tr>\n<tr class=\"row-5\">\n\t<td class=\"column-1\">Silvester<\/td><td class=\"column-2\">09:00-16:00 Uhr<\/td>\n<\/tr>\n<tr class=\"row-6\">\n\t<td class=\"column-1\">Neujahrstag<\/td><td class=\"column-2\">geschlossen<\/td>\n<\/tr>\n<\/tbody>\n<\/table>\n\t\t\t\t\t\t\t\t<\/div>\n\t\t\t\t<\/div>\n\t\t\t\t<div class=\"elementor-element elementor-element-516303d elementor-widget elementor-widget-text-editor\" data-id=\"516303d\" data-element_type=\"widget\" data-e-type=\"widget\" data-widget_type=\"text-editor.default\">\n\t\t\t\t<div class=\"elementor-widget-container\">\n\t\t\t\t\t\t\t\t\t<p>*Die \u00d6ffnungszeiten des die Au\u00dfenterrasse und der Kaffee-Ecke k\u00f6nnen abweichen.<\/p>\t\t\t\t\t\t\t\t<\/div>\n\t\t\t\t<\/div>\n\t\t\t\t<\/div>\n\t\t<div class=\"elementor-element elementor-element-c9943a3 e-con-full e-flex e-con e-child\" data-id=\"c9943a3\" data-element_type=\"container\" data-e-type=\"container\">\n\t\t\t\t<div class=\"elementor-element elementor-element-e2ce46d elementor-widget elementor-widget-text-editor\" data-id=\"e2ce46d\" data-element_type=\"widget\" data-e-type=\"widget\" data-widget_type=\"text-editor.default\">\n\t\t\t\t<div class=\"elementor-widget-container\">\n\t\t\t\t\t\t\t\t\t<p>\u00d6ffnungszeiten 1. M\u00e4rz bis 1. September:<\/p>\t\t\t\t\t\t\t\t<\/div>\n\t\t\t\t<\/div>\n\t\t\t\t<div class=\"elementor-element elementor-element-c3621cf elementor-widget elementor-widget-text-editor\" data-id=\"c3621cf\" data-element_type=\"widget\" data-e-type=\"widget\" data-widget_type=\"text-editor.default\">\n\t\t\t\t<div class=\"elementor-widget-container\">\n\t\t\t\t\t\t\t\t\t\n<table id=\"tablepress-5\" class=\"tablepress tablepress-id-5\">\n<thead>\n<tr class=\"row-1\">\n\t<th class=\"column-1\"> <\/th><th class=\"column-2\">Restaurant<\/th><th class=\"column-3\">K\u00fcche<\/th>\n<\/tr>\n<\/thead>\n<tbody class=\"row-striping row-hover\">\n<tr class=\"row-2\">\n\t<td class=\"column-1\">Montag bis Freitag<\/td><td class=\"column-2\">09:00-17:30 Uhr<\/td><td class=\"column-3\">11:00-16:30 Uhr<\/td>\n<\/tr>\n<tr class=\"row-3\">\n\t<td class=\"column-1\">Samstag<\/td><td class=\"column-2\">09:00-17:30 Uhr<\/td><td class=\"column-3\">11:00-16:30 Uhr<\/td>\n<\/tr>\n<tr class=\"row-4\">\n\t<td class=\"column-1\">Sonntag<\/td><td class=\"column-2\">10:00-16:30 Uhr<\/td><td class=\"column-3\">11:00-15:30 Uhr<\/td>\n<\/tr>\n<\/tbody>\n<\/table>\n\t\t\t\t\t\t\t\t<\/div>\n\t\t\t\t<\/div>\n\t\t\t\t<div class=\"elementor-element elementor-element-70f1b7d elementor-widget elementor-widget-spacer\" data-id=\"70f1b7d\" data-element_type=\"widget\" data-e-type=\"widget\" data-widget_type=\"spacer.default\">\n\t\t\t\t<div class=\"elementor-widget-container\">\n\t\t\t\t\t\t\t<div class=\"elementor-spacer\">\n\t\t\t<div class=\"elementor-spacer-inner\"><\/div>\n\t\t<\/div>\n\t\t\t\t\t\t<\/div>\n\t\t\t\t<\/div>\n\t\t\t\t<\/div>\n\t\t\t\t<\/div>\n\t\t\t\t\t<\/div>\n\t\t\t\t<\/div>\n\t\t<div class=\"elementor-element elementor-element-da15a6e e-flex e-con-boxed e-con e-parent\" data-id=\"da15a6e\" data-element_type=\"container\" data-e-type=\"container\">\n\t\t\t\t\t<div class=\"e-con-inner\">\n\t\t\t\t<div class=\"elementor-element elementor-element-f0e8cc3 elementor-widget-divider--view-line elementor-widget elementor-widget-divider\" data-id=\"f0e8cc3\" data-element_type=\"widget\" data-e-type=\"widget\" data-widget_type=\"divider.default\">\n\t\t\t\t<div class=\"elementor-widget-container\">\n\t\t\t\t\t\t\t<div class=\"elementor-divider\">\n\t\t\t<span class=\"elementor-divider-separator\">\n\t\t\t\t\t\t<\/span>\n\t\t<\/div>\n\t\t\t\t\t\t<\/div>\n\t\t\t\t<\/div>\n\t\t<div class=\"elementor-element elementor-element-ae6c14c e-con-full e-flex e-con e-child\" data-id=\"ae6c14c\" data-element_type=\"container\" data-e-type=\"container\">\n\t\t\t\t<div class=\"elementor-element elementor-element-71b0aca elementor-widget elementor-widget-heading\" data-id=\"71b0aca\" data-element_type=\"widget\" data-e-type=\"widget\" data-widget_type=\"heading.default\">\n\t\t\t\t<div class=\"elementor-widget-container\">\n\t\t\t\t\t<h2 class=\"elementor-heading-title elementor-size-default\">Kontakt<\/h2>\t\t\t\t<\/div>\n\t\t\t\t<\/div>\n\t\t\t\t<div class=\"elementor-element elementor-element-ed5c8fa elementor-widget elementor-widget-text-editor\" data-id=\"ed5c8fa\" data-element_type=\"widget\" data-e-type=\"widget\" data-widget_type=\"text-editor.default\">\n\t\t\t\t<div class=\"elementor-widget-container\">\n\t\t\t\t\t\t\t\t\t<p style=\"text-align: center;\">Sie finden das Obelink Restaurant, den Au\u00dfenpavillon und die Kaffee-Ecke bei Obelink Vrijetijdsmarkt, Misterweg 179, 7102 EN Winterswijk.<\/p><p style=\"text-align: center;\">Haben Sie Fragen? Dann k\u00f6nnen Sie uns kontaktieren unter <a href=\"mailto:info@restaurant-obelink.nl\">info@restaurant-obelink.nl<\/a> <\/p>\t\t\t\t\t\t\t\t<\/div>\n\t\t\t\t<\/div>\n\t\t\t\t<\/div>\n\t\t\t\t<div class=\"elementor-element elementor-element-32a0b22 elementor-widget-divider--view-line elementor-widget elementor-widget-divider\" data-id=\"32a0b22\" data-element_type=\"widget\" data-e-type=\"widget\" data-widget_type=\"divider.default\">\n\t\t\t\t<div class=\"elementor-widget-container\">\n\t\t\t\t\t\t\t<div class=\"elementor-divider\">\n\t\t\t<span class=\"elementor-divider-separator\">\n\t\t\t\t\t\t<\/span>\n\t\t<\/div>\n\t\t\t\t\t\t<\/div>\n\t\t\t\t<\/div>\n\t\t\t\t\t<\/div>\n\t\t\t\t<\/div>\n\t\t<div class=\"elementor-element elementor-element-ecd6f6b e-flex e-con-boxed e-con e-parent\" data-id=\"ecd6f6b\" data-element_type=\"container\" data-e-type=\"container\">\n\t\t\t\t\t<div class=\"e-con-inner\">\n\t\t\t\t<div class=\"elementor-element elementor-element-59b6954 elementor-widget elementor-widget-heading\" data-id=\"59b6954\" data-element_type=\"widget\" data-e-type=\"widget\" data-widget_type=\"heading.default\">\n\t\t\t\t<div class=\"elementor-widget-container\">\n\t\t\t\t\t<h2 class=\"elementor-heading-title elementor-size-default\">Anfahrt<\/h2>\t\t\t\t<\/div>\n\t\t\t\t<\/div>\n\t\t\t\t\t<\/div>\n\t\t\t\t<\/div>\n\t\t<div class=\"elementor-element elementor-element-6498f06 e-con-full e-flex e-con e-parent\" data-id=\"6498f06\" data-element_type=\"container\" data-e-type=\"container\">\n\t\t\t\t<div class=\"elementor-element elementor-element-112cac6 elementor-widget elementor-widget-google_maps\" data-id=\"112cac6\" data-element_type=\"widget\" data-e-type=\"widget\" data-widget_type=\"google_maps.default\">\n\t\t\t\t<div class=\"elementor-widget-container\">\n\t\t\t\t\t\t\t<div class=\"elementor-custom-embed\">\n\t\t\t<iframe loading=\"lazy\"\n\t\t\t\t\tsrc=\"https:\/\/maps.google.com\/maps?q=Misterweg%20176%20Winterswijk&#038;t=m&#038;z=12&#038;output=embed&#038;iwloc=near\"\n\t\t\t\t\ttitle=\"Misterweg 176 Winterswijk\"\n\t\t\t\t\taria-label=\"Misterweg 176 Winterswijk\"\n\t\t\t><\/iframe>\n\t\t<\/div>\n\t\t\t\t\t\t<\/div>\n\t\t\t\t<\/div>\n\t\t\t\t<\/div>\n\t\t\t\t<\/div>\n\t\t","protected":false},"excerpt":{"rendered":"<p>\u00d6ffnungszeiten Restaurant, Au\u00dfenterrasse und Kaffee-Ecke* \u00d6ffnungszeiten 1. September bis 1. M\u00e4rz: *Die \u00d6ffnungszeiten des die Au\u00dfenterrasse und der Kaffee-Ecke k\u00f6nnen abweichen. \u00d6ffnungszeiten 1. M\u00e4rz bis 1. September: Kontakt Sie finden das Obelink Restaurant, den Au\u00dfenpavillon und die Kaffee-Ecke bei Obelink Vrijetijdsmarkt, Misterweg 179, 7102 EN Winterswijk. Haben Sie Fragen? Dann k\u00f6nnen Sie uns kontaktieren unter [&hellip;]<\/p>\n","protected":false},"author":1,"featured_media":0,"parent":0,"menu_order":0,"comment_status":"closed","ping_status":"closed","template":"","meta":{"footnotes":""},"class_list":["post-1169","page","type-page","status-publish","hentry"],"yoast_head":"<!-- This site is optimized with the Yoast SEO plugin v27.1.1 - https:\/\/yoast.com\/product\/yoast-seo-wordpress\/ -->\n<title>Kontakt - Restaurant Obelink<\/title>\n<meta name=\"robots\" content=\"index, follow, max-snippet:-1, max-image-preview:large, max-video-preview:-1\" \/>\n<link rel=\"canonical\" href=\"https:\/\/restaurant-obelink.nl\/de\/kontakt\/\" \/>\n<meta property=\"og:locale\" content=\"de_DE\" \/>\n<meta property=\"og:type\" content=\"article\" \/>\n<meta property=\"og:title\" content=\"Kontakt - Restaurant Obelink\" \/>\n<meta property=\"og:description\" content=\"\u00d6ffnungszeiten Restaurant, Au\u00dfenterrasse und Kaffee-Ecke* \u00d6ffnungszeiten 1. September bis 1. M\u00e4rz: *Die \u00d6ffnungszeiten des die Au\u00dfenterrasse und der Kaffee-Ecke k\u00f6nnen abweichen. \u00d6ffnungszeiten 1. M\u00e4rz bis 1. September: Kontakt Sie finden das Obelink Restaurant, den Au\u00dfenpavillon und die Kaffee-Ecke bei Obelink Vrijetijdsmarkt, Misterweg 179, 7102 EN Winterswijk. Haben Sie Fragen? Dann k\u00f6nnen Sie uns kontaktieren unter [&hellip;]\" \/>\n<meta property=\"og:url\" content=\"https:\/\/restaurant-obelink.nl\/de\/kontakt\/\" \/>\n<meta property=\"og:site_name\" content=\"Restaurant Obelink\" \/>\n<meta property=\"article:modified_time\" content=\"2025-06-11T08:38:54+00:00\" \/>\n<meta name=\"twitter:card\" content=\"summary_large_image\" \/>\n<script type=\"application\/ld+json\" class=\"yoast-schema-graph\">{\"@context\":\"https:\/\/schema.org\",\"@graph\":[{\"@type\":\"WebPage\",\"@id\":\"https:\/\/restaurant-obelink.nl\/de\/kontakt\/\",\"url\":\"https:\/\/restaurant-obelink.nl\/de\/kontakt\/\",\"name\":\"Kontakt - Restaurant Obelink\",\"isPartOf\":{\"@id\":\"https:\/\/restaurant-obelink.nl\/de\/#website\"},\"datePublished\":\"2024-09-27T08:54:18+00:00\",\"dateModified\":\"2025-06-11T08:38:54+00:00\",\"breadcrumb\":{\"@id\":\"https:\/\/restaurant-obelink.nl\/de\/kontakt\/#breadcrumb\"},\"inLanguage\":\"de\",\"potentialAction\":[{\"@type\":\"ReadAction\",\"target\":[\"https:\/\/restaurant-obelink.nl\/de\/kontakt\/\"]}]},{\"@type\":\"BreadcrumbList\",\"@id\":\"https:\/\/restaurant-obelink.nl\/de\/kontakt\/#breadcrumb\",\"itemListElement\":[{\"@type\":\"ListItem\",\"position\":1,\"name\":\"Home\",\"item\":\"https:\/\/restaurant-obelink.nl\/de\/\"},{\"@type\":\"ListItem\",\"position\":2,\"name\":\"Kontakt\"}]},{\"@type\":\"WebSite\",\"@id\":\"https:\/\/restaurant-obelink.nl\/de\/#website\",\"url\":\"https:\/\/restaurant-obelink.nl\/de\/\",\"name\":\"Restaurant Obelink\",\"description\":\"Coffee - Food - Drinks Est. 1983\",\"publisher\":{\"@id\":\"https:\/\/restaurant-obelink.nl\/de\/#organization\"},\"potentialAction\":[{\"@type\":\"SearchAction\",\"target\":{\"@type\":\"EntryPoint\",\"urlTemplate\":\"https:\/\/restaurant-obelink.nl\/de\/?s={search_term_string}\"},\"query-input\":{\"@type\":\"PropertyValueSpecification\",\"valueRequired\":true,\"valueName\":\"search_term_string\"}}],\"inLanguage\":\"de\"},{\"@type\":\"Organization\",\"@id\":\"https:\/\/restaurant-obelink.nl\/de\/#organization\",\"name\":\"Restaurant Obelink\",\"url\":\"https:\/\/restaurant-obelink.nl\/de\/\",\"logo\":{\"@type\":\"ImageObject\",\"inLanguage\":\"de\",\"@id\":\"https:\/\/restaurant-obelink.nl\/de\/#\/schema\/logo\/image\/\",\"url\":\"https:\/\/restaurant-obelink.nl\/wp-content\/uploads\/2024\/09\/Restaurant-Obelink-logo.svg\",\"contentUrl\":\"https:\/\/restaurant-obelink.nl\/wp-content\/uploads\/2024\/09\/Restaurant-Obelink-logo.svg\",\"width\":1,\"height\":1,\"caption\":\"Restaurant Obelink\"},\"image\":{\"@id\":\"https:\/\/restaurant-obelink.nl\/de\/#\/schema\/logo\/image\/\"}}]}<\/script>\n<!-- \/ Yoast SEO plugin. -->","yoast_head_json":{"title":"Kontakt - Restaurant Obelink","robots":{"index":"index","follow":"follow","max-snippet":"max-snippet:-1","max-image-preview":"max-image-preview:large","max-video-preview":"max-video-preview:-1"},"canonical":"https:\/\/restaurant-obelink.nl\/de\/kontakt\/","og_locale":"de_DE","og_type":"article","og_title":"Kontakt - Restaurant Obelink","og_description":"\u00d6ffnungszeiten Restaurant, Au\u00dfenterrasse und Kaffee-Ecke* \u00d6ffnungszeiten 1. September bis 1. M\u00e4rz: *Die \u00d6ffnungszeiten des die Au\u00dfenterrasse und der Kaffee-Ecke k\u00f6nnen abweichen. \u00d6ffnungszeiten 1. M\u00e4rz bis 1. September: Kontakt Sie finden das Obelink Restaurant, den Au\u00dfenpavillon und die Kaffee-Ecke bei Obelink Vrijetijdsmarkt, Misterweg 179, 7102 EN Winterswijk. Haben Sie Fragen? Dann k\u00f6nnen Sie uns kontaktieren unter [&hellip;]","og_url":"https:\/\/restaurant-obelink.nl\/de\/kontakt\/","og_site_name":"Restaurant Obelink","article_modified_time":"2025-06-11T08:38:54+00:00","twitter_card":"summary_large_image","schema":{"@context":"https:\/\/schema.org","@graph":[{"@type":"WebPage","@id":"https:\/\/restaurant-obelink.nl\/de\/kontakt\/","url":"https:\/\/restaurant-obelink.nl\/de\/kontakt\/","name":"Kontakt - Restaurant Obelink","isPartOf":{"@id":"https:\/\/restaurant-obelink.nl\/de\/#website"},"datePublished":"2024-09-27T08:54:18+00:00","dateModified":"2025-06-11T08:38:54+00:00","breadcrumb":{"@id":"https:\/\/restaurant-obelink.nl\/de\/kontakt\/#breadcrumb"},"inLanguage":"de","potentialAction":[{"@type":"ReadAction","target":["https:\/\/restaurant-obelink.nl\/de\/kontakt\/"]}]},{"@type":"BreadcrumbList","@id":"https:\/\/restaurant-obelink.nl\/de\/kontakt\/#breadcrumb","itemListElement":[{"@type":"ListItem","position":1,"name":"Home","item":"https:\/\/restaurant-obelink.nl\/de\/"},{"@type":"ListItem","position":2,"name":"Kontakt"}]},{"@type":"WebSite","@id":"https:\/\/restaurant-obelink.nl\/de\/#website","url":"https:\/\/restaurant-obelink.nl\/de\/","name":"Restaurant Obelink","description":"Coffee - Food - Drinks Est. 1983","publisher":{"@id":"https:\/\/restaurant-obelink.nl\/de\/#organization"},"potentialAction":[{"@type":"SearchAction","target":{"@type":"EntryPoint","urlTemplate":"https:\/\/restaurant-obelink.nl\/de\/?s={search_term_string}"},"query-input":{"@type":"PropertyValueSpecification","valueRequired":true,"valueName":"search_term_string"}}],"inLanguage":"de"},{"@type":"Organization","@id":"https:\/\/restaurant-obelink.nl\/de\/#organization","name":"Restaurant Obelink","url":"https:\/\/restaurant-obelink.nl\/de\/","logo":{"@type":"ImageObject","inLanguage":"de","@id":"https:\/\/restaurant-obelink.nl\/de\/#\/schema\/logo\/image\/","url":"https:\/\/restaurant-obelink.nl\/wp-content\/uploads\/2024\/09\/Restaurant-Obelink-logo.svg","contentUrl":"https:\/\/restaurant-obelink.nl\/wp-content\/uploads\/2024\/09\/Restaurant-Obelink-logo.svg","width":1,"height":1,"caption":"Restaurant Obelink"},"image":{"@id":"https:\/\/restaurant-obelink.nl\/de\/#\/schema\/logo\/image\/"}}]}},"_links":{"self":[{"href":"https:\/\/restaurant-obelink.nl\/de\/wp-json\/wp\/v2\/pages\/1169","targetHints":{"allow":["GET"]}}],"collection":[{"href":"https:\/\/restaurant-obelink.nl\/de\/wp-json\/wp\/v2\/pages"}],"about":[{"href":"https:\/\/restaurant-obelink.nl\/de\/wp-json\/wp\/v2\/types\/page"}],"author":[{"embeddable":true,"href":"https:\/\/restaurant-obelink.nl\/de\/wp-json\/wp\/v2\/users\/1"}],"replies":[{"embeddable":true,"href":"https:\/\/restaurant-obelink.nl\/de\/wp-json\/wp\/v2\/comments?post=1169"}],"version-history":[{"count":0,"href":"https:\/\/restaurant-obelink.nl\/de\/wp-json\/wp\/v2\/pages\/1169\/revisions"}],"wp:attachment":[{"href":"https:\/\/restaurant-obelink.nl\/de\/wp-json\/wp\/v2\/media?parent=1169"}],"curies":[{"name":"wp","href":"https:\/\/api.w.org\/{rel}","templated":true}]}}